{"id":1883,"date":"2024-11-27T15:00:23","date_gmt":"2024-11-27T14:00:23","guid":{"rendered":"https:\/\/www.perfon.nl\/de\/?page_id=1883"},"modified":"2025-07-02T12:05:14","modified_gmt":"2025-07-02T10:05:14","slug":"koscher","status":"publish","type":"page","link":"https:\/\/www.perfon.nl\/de\/koscher\/","title":{"rendered":"Koscher"},"content":{"rendered":"\n<div class=\"hh-block block-row\"data-mb=\"regular\">\n    <div class=\"block-row__row row block-row__row--preset-1\/4|1\/4|1\/4|1\/4 block-row__row--align-stretch\">\n                \n\n<div class=\"hh-block block-column col col--1 col--lg-1\/4\">\n    \n<p class=\"hh-block block-paragraph block-paragraph--id-69e1729e21ac8\"data-mb=\"small\"><br>Das Koscher-Zertifikat garantiert die Einhaltung der Regeln, die bei der Herstellung, der Verpackung und dem Verkauf von Lebensmitteln und Getr\u00e4nken nach j\u00fcdischem Glauben befolgt werden m\u00fcssen. Dieses Zertifikat ist wichtig, weil nach der j\u00fcdischen Religion der Verzehr bestimmter Arten von Tierprodukten nicht erlaubt ist und Tierfleisch gesondert verarbeitet wird.<\/p>\n<\/div>\n\n\n<div class=\"hh-block block-column col col--1 col--lg-1\/4\">\n    \n\n    <div class=\"hh-block block-image\"\n         data-mt=\"none\"         data-mb=\"smaller\"         data-horizontal-align=\"centered\"\n         data-vertical-align=\"centered\"\n         data-mobile-align=\"centered\">\n\n         \n        <figure class=\"block-image__inner\" style=\"max-width: 325px\">\n\n            \n            \n            <div class=\"block-image__image-container\">\n\n            \n                <picture class=\"block-image__picture\" draggable=\"false\">\n  <source media=\"(min-width: 414px)\" srcset=\"https:\/\/www.perfon.nl\/de\/wp-content\/uploads\/2024\/10\/Kosher-logo-325x148.jpg\" width=\"325\" height=\"148\" \/>\n  <source media=\"(min-width: 0px)\" srcset=\"https:\/\/www.perfon.nl\/de\/wp-content\/uploads\/2024\/10\/Kosher-logo-325x148.jpg 1x, https:\/\/www.perfon.nl\/de\/wp-content\/uploads\/2024\/10\/Kosher-logo-325x148.jpg 2x\" width=\"325\" height=\"148\" \/>\n  <img class=\"block-image__image\" draggable=\"false\" decoding=\"async\" loading=\"lazy\" src=\"https:\/\/www.perfon.nl\/de\/wp-content\/uploads\/2024\/10\/Kosher-logo-325x148.jpg\" alt=\"\" width=\"325\" height=\"148\" \/>\n<\/picture>\n                                    <div\n                        class=\"block-image__holder block-image__holder--desktop\"\n                        style=\"aspect-ratio: 325\/148; max-width: 325px\">\n                    <\/div>\n                \n                                    <div\n                        class=\"block-image__holder block-image__holder--mobile\"\n                        style=\"aspect-ratio: 325\/148; max-width: 325px\">\n                    <\/div>\n                \n                                \n            <\/div>\n\n                        \n\n            \n            \n            \n            \n        <\/figure>\n\n        \n    <\/div>\n\n\n\n\n    <div class=\"hh-block block-image\"\n         data-mt=\"none\"         data-mb=\"small\"         data-horizontal-align=\"centered\"\n         data-vertical-align=\"centered\"\n         data-mobile-align=\"centered\">\n\n         \n        <figure class=\"block-image__inner\" style=\"max-width: 320px\">\n\n            \n            \n            <div class=\"block-image__image-container\">\n\n            \n                <picture class=\"block-image__picture\" draggable=\"false\">\n  <source media=\"(min-width: 414px)\" srcset=\"https:\/\/www.perfon.nl\/de\/wp-content\/uploads\/2023\/11\/Kratzak-stiftzak-vlees-industrie-320x200.jpg\" width=\"320\" height=\"200\" \/>\n  <source media=\"(min-width: 0px)\" srcset=\"https:\/\/www.perfon.nl\/de\/wp-content\/uploads\/2023\/11\/Kratzak-stiftzak-vlees-industrie-320x200.jpg 1x, https:\/\/www.perfon.nl\/de\/wp-content\/uploads\/2023\/11\/Kratzak-stiftzak-vlees-industrie-320x200.jpg 2x\" width=\"320\" height=\"200\" \/>\n  <img class=\"block-image__image\" draggable=\"false\" decoding=\"async\" loading=\"lazy\" src=\"https:\/\/www.perfon.nl\/de\/wp-content\/uploads\/2023\/11\/Kratzak-stiftzak-vlees-industrie-320x200.jpg\" alt=\"\" width=\"320\" height=\"200\" \/>\n<\/picture>\n                                    <div\n                        class=\"block-image__holder block-image__holder--desktop\"\n                        style=\"aspect-ratio: 320\/200; max-width: 320px\">\n                    <\/div>\n                \n                                    <div\n                        class=\"block-image__holder block-image__holder--mobile\"\n                        style=\"aspect-ratio: 320\/200; max-width: 320px\">\n                    <\/div>\n                \n                                \n            <\/div>\n\n                        \n\n            \n            \n            \n            \n        <\/figure>\n\n        \n    <\/div>\n\n\n<\/div>\n\n\n<div class=\"hh-block block-column col col--1 col--lg-1\/4\">\n    <\/div>\n\n\n<div class=\"hh-block block-column col col--1 col--lg-1\/4\">\n    <\/div>\n            <\/div>\n<\/div>\n\n\n<p class=\"hh-block block-paragraph block-paragraph--id-69e1729e29d7b\"data-mb=\"small\"><a href=\"https:\/\/www.opackgroup.com\/nl\/wp-content\/uploads\/2025\/07\/Kosher-2026.pdf\" target=\"_blank\" rel=\"noreferrer noopener\">Koscher-Zertifikat<\/a><a href=\"https:\/\/www.opackgroup.com\/wp-content\/uploads\/2024\/10\/Declaration-Kosher-certificate-.pdf\" target=\"_blank\" rel=\"noreferrer noopener\"><br><\/a><\/p>","protected":false},"excerpt":{"rendered":"","protected":false},"author":2,"featured_media":0,"parent":0,"menu_order":1,"comment_status":"closed","ping_status":"closed","template":"","meta":{"_acf_changed":false,"footnotes":""},"class_list":["post-1883","page","type-page","status-publish","hentry"],"acf":[],"yoast_head":"<title>Koscher - Perfon<\/title>\n<meta name=\"robots\" content=\"index, follow, max-snippet:-1, max-image-preview:large, max-video-preview:-1\" \/>\n<link rel=\"canonical\" href=\"https:\/\/www.perfon.nl\/de\/koscher\/\" \/>\n<meta property=\"og:locale\" content=\"de_DE\" \/>\n<meta property=\"og:type\" content=\"article\" \/>\n<meta property=\"og:title\" content=\"Koscher - Perfon\" \/>\n<meta property=\"og:url\" content=\"https:\/\/www.perfon.nl\/de\/koscher\/\" \/>\n<meta property=\"og:site_name\" content=\"Perfon\" \/>\n<meta property=\"article:modified_time\" content=\"2025-07-02T10:05:14+00:00\" \/>\n<meta name=\"twitter:card\" content=\"summary_large_image\" \/>\n<meta name=\"twitter:label1\" content=\"Gesch\u00e4tzte Lesezeit\" \/>\n\t<meta name=\"twitter:data1\" content=\"1\u00a0Minute\" \/>\n<script type=\"application\/ld+json\" class=\"yoast-schema-graph\">{\"@context\":\"https:\/\/schema.org\",\"@graph\":[{\"@type\":\"WebPage\",\"@id\":\"https:\/\/www.perfon.nl\/de\/koscher\/\",\"url\":\"https:\/\/www.perfon.nl\/de\/koscher\/\",\"name\":\"Koscher - Perfon\",\"isPartOf\":{\"@id\":\"https:\/\/www.perfon.nl\/de\/#website\"},\"datePublished\":\"2024-11-27T14:00:23+00:00\",\"dateModified\":\"2025-07-02T10:05:14+00:00\",\"breadcrumb\":{\"@id\":\"https:\/\/www.perfon.nl\/de\/koscher\/#breadcrumb\"},\"inLanguage\":\"de\",\"potentialAction\":[{\"@type\":\"ReadAction\",\"target\":[\"https:\/\/www.perfon.nl\/de\/koscher\/\"]}]},{\"@type\":\"BreadcrumbList\",\"@id\":\"https:\/\/www.perfon.nl\/de\/koscher\/#breadcrumb\",\"itemListElement\":[{\"@type\":\"ListItem\",\"position\":1,\"name\":\"Home\",\"item\":\"https:\/\/www.perfon.nl\/de\/\"},{\"@type\":\"ListItem\",\"position\":2,\"name\":\"Koscher\"}]},{\"@type\":\"WebSite\",\"@id\":\"https:\/\/www.perfon.nl\/de\/#website\",\"url\":\"https:\/\/www.perfon.nl\/de\/\",\"name\":\"Perfon\",\"description\":\"The sustainable innovator\",\"potentialAction\":[{\"@type\":\"SearchAction\",\"target\":{\"@type\":\"EntryPoint\",\"urlTemplate\":\"https:\/\/www.perfon.nl\/de\/?suchanfrage={search_term_string}\"},\"query-input\":{\"@type\":\"PropertyValueSpecification\",\"valueRequired\":true,\"valueName\":\"search_term_string\"}}],\"inLanguage\":\"de\"}]}<\/script>","yoast_head_json":{"title":"Koscher - Perfon","robots":{"index":"index","follow":"follow","max-snippet":"max-snippet:-1","max-image-preview":"max-image-preview:large","max-video-preview":"max-video-preview:-1"},"canonical":"https:\/\/www.perfon.nl\/de\/koscher\/","og_locale":"de_DE","og_type":"article","og_title":"Koscher - Perfon","og_url":"https:\/\/www.perfon.nl\/de\/koscher\/","og_site_name":"Perfon","article_modified_time":"2025-07-02T10:05:14+00:00","twitter_card":"summary_large_image","twitter_misc":{"Gesch\u00e4tzte Lesezeit":"1\u00a0Minute"},"schema":{"@context":"https:\/\/schema.org","@graph":[{"@type":"WebPage","@id":"https:\/\/www.perfon.nl\/de\/koscher\/","url":"https:\/\/www.perfon.nl\/de\/koscher\/","name":"Koscher - Perfon","isPartOf":{"@id":"https:\/\/www.perfon.nl\/de\/#website"},"datePublished":"2024-11-27T14:00:23+00:00","dateModified":"2025-07-02T10:05:14+00:00","breadcrumb":{"@id":"https:\/\/www.perfon.nl\/de\/koscher\/#breadcrumb"},"inLanguage":"de","potentialAction":[{"@type":"ReadAction","target":["https:\/\/www.perfon.nl\/de\/koscher\/"]}]},{"@type":"BreadcrumbList","@id":"https:\/\/www.perfon.nl\/de\/koscher\/#breadcrumb","itemListElement":[{"@type":"ListItem","position":1,"name":"Home","item":"https:\/\/www.perfon.nl\/de\/"},{"@type":"ListItem","position":2,"name":"Koscher"}]},{"@type":"WebSite","@id":"https:\/\/www.perfon.nl\/de\/#website","url":"https:\/\/www.perfon.nl\/de\/","name":"Perfon","description":"The sustainable innovator","potentialAction":[{"@type":"SearchAction","target":{"@type":"EntryPoint","urlTemplate":"https:\/\/www.perfon.nl\/de\/?suchanfrage={search_term_string}"},"query-input":{"@type":"PropertyValueSpecification","valueRequired":true,"valueName":"search_term_string"}}],"inLanguage":"de"}]}},"_links":{"self":[{"href":"https:\/\/www.perfon.nl\/de\/wp-json\/wp\/v2\/pages\/1883","targetHints":{"allow":["GET"]}}],"collection":[{"href":"https:\/\/www.perfon.nl\/de\/wp-json\/wp\/v2\/pages"}],"about":[{"href":"https:\/\/www.perfon.nl\/de\/wp-json\/wp\/v2\/types\/page"}],"author":[{"embeddable":true,"href":"https:\/\/www.perfon.nl\/de\/wp-json\/wp\/v2\/users\/2"}],"replies":[{"embeddable":true,"href":"https:\/\/www.perfon.nl\/de\/wp-json\/wp\/v2\/comments?post=1883"}],"version-history":[{"count":2,"href":"https:\/\/www.perfon.nl\/de\/wp-json\/wp\/v2\/pages\/1883\/revisions"}],"predecessor-version":[{"id":2090,"href":"https:\/\/www.perfon.nl\/de\/wp-json\/wp\/v2\/pages\/1883\/revisions\/2090"}],"wp:attachment":[{"href":"https:\/\/www.perfon.nl\/de\/wp-json\/wp\/v2\/media?parent=1883"}],"curies":[{"name":"wp","href":"https:\/\/api.w.org\/{rel}","templated":true}]}}