{"id":1881,"date":"2024-11-27T14:59:13","date_gmt":"2024-11-27T13:59:13","guid":{"rendered":"https:\/\/www.perfon.nl\/de\/?page_id=1881"},"modified":"2024-11-27T14:59:15","modified_gmt":"2024-11-27T13:59:15","slug":"iso-26000","status":"publish","type":"page","link":"https:\/\/www.perfon.nl\/de\/iso-26000\/","title":{"rendered":"ISO 26000"},"content":{"rendered":"\n<div class=\"hh-block block-row\"data-mb=\"regular\">\n    <div class=\"block-row__row row block-row__row--preset-1\/3|1\/3|1\/3 block-row__row--align-stretch\">\n                \n\n<div class=\"hh-block block-column col col--1 col--lg-1\/3\">\n    \n<p class=\"hh-block block-paragraph block-paragraph--id-69e4a1e2da67a\"data-mb=\"small\">ISO 26000 ist der internationale Leitfaden f\u00fcr die Umsetzung von CSR (Corporate Social Responsibility) in einer Organisation. Die ISO 26000 stellt Instrumente zur Verf\u00fcgung, die Organisationen dabei unterst\u00fctzen, ihre soziale Verantwortung als Unternehmen zu gestalten. Die ISO 26000 beantwortet das Wie und Was von CSR. Sie enth\u00e4lt klare Definitionen und Abgrenzungen von CSR und nachhaltiger Entwicklung. Dar\u00fcber hinaus bietet der Leitfaden Instrumente f\u00fcr die Umsetzung von CSR in einer Organisation.<\/p>\n<\/div>\n\n\n<div class=\"hh-block block-column col col--1 col--lg-1\/3\">\n    \n\n    <div class=\"hh-block block-image\"\n         data-mt=\"none\"         data-mb=\"small\"         data-horizontal-align=\"centered\"\n         data-vertical-align=\"centered\"\n         data-mobile-align=\"centered\">\n\n         \n        <figure class=\"block-image__inner\" style=\"max-width: 1752px\">\n\n            \n            \n            <div class=\"block-image__image-container\">\n\n            \n                <picture class=\"block-image__picture\" draggable=\"false\">\n  <source media=\"(min-width: 414px)\" srcset=\"https:\/\/www.perfon.nl\/de\/wp-content\/uploads\/2024\/06\/NEN_logo_zelfverklaring-ISO-26000-scaled-e1718983114144.jpg\" width=\"1752\" height=\"408\" \/>\n  <source media=\"(min-width: 0px)\" srcset=\"https:\/\/www.perfon.nl\/de\/wp-content\/uploads\/2024\/06\/NEN_logo_zelfverklaring-ISO-26000-scaled-e1718983114144-360x84.jpg 1x, https:\/\/www.perfon.nl\/de\/wp-content\/uploads\/2024\/06\/NEN_logo_zelfverklaring-ISO-26000-scaled-e1718983114144-720x168.jpg 2x\" width=\"360\" height=\"84\" \/>\n  <img class=\"block-image__image\" draggable=\"false\" decoding=\"async\" loading=\"lazy\" src=\"https:\/\/www.perfon.nl\/de\/wp-content\/uploads\/2024\/06\/NEN_logo_zelfverklaring-ISO-26000-scaled-e1718983114144.jpg\" alt=\"\" width=\"1752\" height=\"408\" \/>\n<\/picture>\n                                    <div\n                        class=\"block-image__holder block-image__holder--desktop\"\n                        style=\"aspect-ratio: 1752\/408; max-width: 1752px\">\n                    <\/div>\n                \n                                    <div\n                        class=\"block-image__holder block-image__holder--mobile\"\n                        style=\"aspect-ratio: 360\/84; max-width: 360px\">\n                    <\/div>\n                \n                                \n            <\/div>\n\n                        \n\n            \n            \n            \n            \n        <\/figure>\n\n        \n    <\/div>\n\n\n\n\n    <div class=\"hh-block block-image\"\n         data-mt=\"none\"         data-mb=\"small\"         data-horizontal-align=\"centered\"\n         data-vertical-align=\"centered\"\n         data-mobile-align=\"centered\">\n\n         \n        <figure class=\"block-image__inner\" style=\"max-width: 320px\">\n\n            \n            \n            <div class=\"block-image__image-container\">\n\n            \n                <picture class=\"block-image__picture\" draggable=\"false\">\n  <source media=\"(min-width: 414px)\" srcset=\"https:\/\/www.perfon.nl\/de\/wp-content\/uploads\/2023\/08\/Duurzaamheidsbrochure-cover-afvalinzameling-jonge-generatie-320x200.jpg\" width=\"320\" height=\"200\" \/>\n  <source media=\"(min-width: 0px)\" srcset=\"https:\/\/www.perfon.nl\/de\/wp-content\/uploads\/2023\/08\/Duurzaamheidsbrochure-cover-afvalinzameling-jonge-generatie-320x200.jpg 1x, https:\/\/www.perfon.nl\/de\/wp-content\/uploads\/2023\/08\/Duurzaamheidsbrochure-cover-afvalinzameling-jonge-generatie-320x200.jpg 2x\" width=\"320\" height=\"200\" \/>\n  <img class=\"block-image__image\" draggable=\"false\" decoding=\"async\" loading=\"lazy\" src=\"https:\/\/www.perfon.nl\/de\/wp-content\/uploads\/2023\/08\/Duurzaamheidsbrochure-cover-afvalinzameling-jonge-generatie-320x200.jpg\" alt=\"Thijs van de Koppel\" width=\"320\" height=\"200\" \/>\n<\/picture>\n                                    <div\n                        class=\"block-image__holder block-image__holder--desktop\"\n                        style=\"aspect-ratio: 320\/200; max-width: 320px\">\n                    <\/div>\n                \n                                    <div\n                        class=\"block-image__holder block-image__holder--mobile\"\n                        style=\"aspect-ratio: 320\/200; max-width: 320px\">\n                    <\/div>\n                \n                                \n            <\/div>\n\n                        \n\n            \n            \n            \n            \n        <\/figure>\n\n        \n    <\/div>\n\n\n<\/div>\n\n\n<div class=\"hh-block block-column col col--1 col--lg-1\/3\">\n    <\/div>\n            <\/div>\n<\/div>\n\n\n<p class=\"hh-block block-paragraph block-paragraph--id-69e4a1e2ddfb2\"data-mb=\"small\"><a href=\"https:\/\/www.perfon.nl\/de\/wp-content\/uploads\/2024\/03\/getekende-zelfverklaring-Perfon-2024-engels.pdf\" target=\"_blank\" rel=\"noreferrer noopener\">Nach ISO 26000 unterzeichnete Selbsterkl\u00e4rung<\/a><br><\/p>","protected":false},"excerpt":{"rendered":"","protected":false},"author":2,"featured_media":0,"parent":0,"menu_order":2,"comment_status":"closed","ping_status":"closed","template":"","meta":{"_acf_changed":false,"footnotes":""},"class_list":["post-1881","page","type-page","status-publish","hentry"],"acf":[],"yoast_head":"<title>ISO 26000 - Perfon<\/title>\n<meta name=\"robots\" content=\"index, follow, max-snippet:-1, max-image-preview:large, max-video-preview:-1\" \/>\n<link rel=\"canonical\" href=\"https:\/\/www.perfon.nl\/de\/iso-26000\/\" \/>\n<meta property=\"og:locale\" content=\"de_DE\" \/>\n<meta property=\"og:type\" content=\"article\" \/>\n<meta property=\"og:title\" content=\"ISO 26000 - Perfon\" \/>\n<meta property=\"og:url\" content=\"https:\/\/www.perfon.nl\/de\/iso-26000\/\" \/>\n<meta property=\"og:site_name\" content=\"Perfon\" \/>\n<meta property=\"article:modified_time\" content=\"2024-11-27T13:59:15+00:00\" \/>\n<meta name=\"twitter:card\" content=\"summary_large_image\" \/>\n<meta name=\"twitter:label1\" content=\"Gesch\u00e4tzte Lesezeit\" \/>\n\t<meta name=\"twitter:data1\" content=\"1\u00a0Minute\" \/>\n<script type=\"application\/ld+json\" class=\"yoast-schema-graph\">{\"@context\":\"https:\/\/schema.org\",\"@graph\":[{\"@type\":\"WebPage\",\"@id\":\"https:\/\/www.perfon.nl\/de\/iso-26000\/\",\"url\":\"https:\/\/www.perfon.nl\/de\/iso-26000\/\",\"name\":\"ISO 26000 - Perfon\",\"isPartOf\":{\"@id\":\"https:\/\/www.perfon.nl\/de\/#website\"},\"datePublished\":\"2024-11-27T13:59:13+00:00\",\"dateModified\":\"2024-11-27T13:59:15+00:00\",\"breadcrumb\":{\"@id\":\"https:\/\/www.perfon.nl\/de\/iso-26000\/#breadcrumb\"},\"inLanguage\":\"de\",\"potentialAction\":[{\"@type\":\"ReadAction\",\"target\":[\"https:\/\/www.perfon.nl\/de\/iso-26000\/\"]}]},{\"@type\":\"BreadcrumbList\",\"@id\":\"https:\/\/www.perfon.nl\/de\/iso-26000\/#breadcrumb\",\"itemListElement\":[{\"@type\":\"ListItem\",\"position\":1,\"name\":\"Home\",\"item\":\"https:\/\/www.perfon.nl\/de\/\"},{\"@type\":\"ListItem\",\"position\":2,\"name\":\"ISO 26000\"}]},{\"@type\":\"WebSite\",\"@id\":\"https:\/\/www.perfon.nl\/de\/#website\",\"url\":\"https:\/\/www.perfon.nl\/de\/\",\"name\":\"Perfon\",\"description\":\"The sustainable innovator\",\"potentialAction\":[{\"@type\":\"SearchAction\",\"target\":{\"@type\":\"EntryPoint\",\"urlTemplate\":\"https:\/\/www.perfon.nl\/de\/?suchanfrage={search_term_string}\"},\"query-input\":{\"@type\":\"PropertyValueSpecification\",\"valueRequired\":true,\"valueName\":\"search_term_string\"}}],\"inLanguage\":\"de\"}]}<\/script>","yoast_head_json":{"title":"ISO 26000 - Perfon","robots":{"index":"index","follow":"follow","max-snippet":"max-snippet:-1","max-image-preview":"max-image-preview:large","max-video-preview":"max-video-preview:-1"},"canonical":"https:\/\/www.perfon.nl\/de\/iso-26000\/","og_locale":"de_DE","og_type":"article","og_title":"ISO 26000 - Perfon","og_url":"https:\/\/www.perfon.nl\/de\/iso-26000\/","og_site_name":"Perfon","article_modified_time":"2024-11-27T13:59:15+00:00","twitter_card":"summary_large_image","twitter_misc":{"Gesch\u00e4tzte Lesezeit":"1\u00a0Minute"},"schema":{"@context":"https:\/\/schema.org","@graph":[{"@type":"WebPage","@id":"https:\/\/www.perfon.nl\/de\/iso-26000\/","url":"https:\/\/www.perfon.nl\/de\/iso-26000\/","name":"ISO 26000 - Perfon","isPartOf":{"@id":"https:\/\/www.perfon.nl\/de\/#website"},"datePublished":"2024-11-27T13:59:13+00:00","dateModified":"2024-11-27T13:59:15+00:00","breadcrumb":{"@id":"https:\/\/www.perfon.nl\/de\/iso-26000\/#breadcrumb"},"inLanguage":"de","potentialAction":[{"@type":"ReadAction","target":["https:\/\/www.perfon.nl\/de\/iso-26000\/"]}]},{"@type":"BreadcrumbList","@id":"https:\/\/www.perfon.nl\/de\/iso-26000\/#breadcrumb","itemListElement":[{"@type":"ListItem","position":1,"name":"Home","item":"https:\/\/www.perfon.nl\/de\/"},{"@type":"ListItem","position":2,"name":"ISO 26000"}]},{"@type":"WebSite","@id":"https:\/\/www.perfon.nl\/de\/#website","url":"https:\/\/www.perfon.nl\/de\/","name":"Perfon","description":"The sustainable innovator","potentialAction":[{"@type":"SearchAction","target":{"@type":"EntryPoint","urlTemplate":"https:\/\/www.perfon.nl\/de\/?suchanfrage={search_term_string}"},"query-input":{"@type":"PropertyValueSpecification","valueRequired":true,"valueName":"search_term_string"}}],"inLanguage":"de"}]}},"_links":{"self":[{"href":"https:\/\/www.perfon.nl\/de\/wp-json\/wp\/v2\/pages\/1881","targetHints":{"allow":["GET"]}}],"collection":[{"href":"https:\/\/www.perfon.nl\/de\/wp-json\/wp\/v2\/pages"}],"about":[{"href":"https:\/\/www.perfon.nl\/de\/wp-json\/wp\/v2\/types\/page"}],"author":[{"embeddable":true,"href":"https:\/\/www.perfon.nl\/de\/wp-json\/wp\/v2\/users\/2"}],"replies":[{"embeddable":true,"href":"https:\/\/www.perfon.nl\/de\/wp-json\/wp\/v2\/comments?post=1881"}],"version-history":[{"count":1,"href":"https:\/\/www.perfon.nl\/de\/wp-json\/wp\/v2\/pages\/1881\/revisions"}],"predecessor-version":[{"id":1882,"href":"https:\/\/www.perfon.nl\/de\/wp-json\/wp\/v2\/pages\/1881\/revisions\/1882"}],"wp:attachment":[{"href":"https:\/\/www.perfon.nl\/de\/wp-json\/wp\/v2\/media?parent=1881"}],"curies":[{"name":"wp","href":"https:\/\/api.w.org\/{rel}","templated":true}]}}