{"id":1089,"date":"2023-11-22T13:26:47","date_gmt":"2023-11-22T12:26:47","guid":{"rendered":"https:\/\/www.perfon.nl\/de\/?page_id=1089"},"modified":"2024-01-30T16:30:37","modified_gmt":"2024-01-30T15:30:37","slug":"geschichte","status":"publish","type":"page","link":"https:\/\/www.perfon.nl\/de\/geschichte\/","title":{"rendered":"Geschichte"},"content":{"rendered":"\n<div class=\"hh-block block-row\"data-mb=\"regular\">\n    <div class=\"block-row__row row block-row__row--preset-2\/3|1\/3 block-row__row--align-stretch\">\n                \n\n<div class=\"hh-block block-column col col--1 col--lg-2\/3\">\n    \n<p class=\"hh-block block-paragraph block-paragraph--id-6a035c6325999\"data-mb=\"small\">1999 wurde die Perfon B.V. von der OPACKGROUP \u00fcbernommen. Seitdem hat das Unternehmen stark in einen gro\u00dfen Maschinenpark investiert. Aufgrund der starken Nachfrage und des starken Wachstums erwiesen sich die R\u00e4umlichkeiten am Nijverheidsweg zu klein. 2017 entstanden die Pl\u00e4ne f\u00fcr einen Neubau an der Entersestraat 16, wo Perfon bis heute ein gut organisiertes Unternehmen mit einem hochmodernen Maschinenpark aufgebaut hat. Damit ist Perfon bestens f\u00fcr die Zukunft ger\u00fcstet und in der Lage, viele Kunden und potenzielle Partner mit den passenden flexiblen Verpackungen zu beliefern.<br><br><\/p>\n<\/div>\n\n\n<div class=\"hh-block block-column col col--1 col--lg-1\/3\">\n    \n\n    <div class=\"hh-block block-image\"\n         data-mt=\"none\"         data-mb=\"small\"         data-horizontal-align=\"centered\"\n         data-vertical-align=\"centered\"\n         data-mobile-align=\"centered\">\n\n         \n        <figure class=\"block-image__inner\" style=\"max-width: 1386px\">\n\n            \n            \n            <div class=\"block-image__image-container\">\n\n            \n                <picture class=\"block-image__picture\" draggable=\"false\">\n  <source media=\"(min-width: 414px)\" srcset=\"https:\/\/www.perfon.nl\/de\/wp-content\/uploads\/2023\/12\/Nieuwbouw-Perfon-2019-dronefoto.jpg\" width=\"1386\" height=\"1039\" \/>\n  <source media=\"(min-width: 0px)\" srcset=\"https:\/\/www.perfon.nl\/de\/wp-content\/uploads\/2023\/12\/Nieuwbouw-Perfon-2019-dronefoto-360x270.jpg 1x, https:\/\/www.perfon.nl\/de\/wp-content\/uploads\/2023\/12\/Nieuwbouw-Perfon-2019-dronefoto-720x540.jpg 2x\" width=\"360\" height=\"270\" \/>\n  <img class=\"block-image__image\" draggable=\"false\" decoding=\"async\" loading=\"lazy\" src=\"https:\/\/www.perfon.nl\/de\/wp-content\/uploads\/2023\/12\/Nieuwbouw-Perfon-2019-dronefoto.jpg\" alt=\"\" width=\"1386\" height=\"1039\" \/>\n<\/picture>\n                                    <div\n                        class=\"block-image__holder block-image__holder--desktop\"\n                        style=\"aspect-ratio: 1386\/1039; max-width: 1386px\">\n                    <\/div>\n                \n                                    <div\n                        class=\"block-image__holder block-image__holder--mobile\"\n                        style=\"aspect-ratio: 360\/270; max-width: 360px\">\n                    <\/div>\n                \n                                \n            <\/div>\n\n                        \n\n            \n            \n            \n            \n        <\/figure>\n\n        \n    <\/div>\n\n\n<\/div>\n            <\/div>\n<\/div>\n","protected":false},"excerpt":{"rendered":"","protected":false},"author":2,"featured_media":0,"parent":0,"menu_order":16,"comment_status":"closed","ping_status":"closed","template":"","meta":{"_acf_changed":false,"footnotes":""},"class_list":["post-1089","page","type-page","status-publish","hentry"],"acf":[],"yoast_head":"<title>Geschichte - Perfon<\/title>\n<meta name=\"description\" content=\"Das Unternehmen Perfon blickt auf eine lange Geschichte zur\u00fcck, die in den 1980er Jahren begann. M\u00f6chten Sie mehr \u00fcber unsere Geschichte erfahren? Dann lesen Sie weiter.\" \/>\n<meta name=\"robots\" content=\"index, follow, max-snippet:-1, max-image-preview:large, max-video-preview:-1\" \/>\n<link rel=\"canonical\" href=\"https:\/\/www.perfon.nl\/de\/geschichte\/\" \/>\n<meta property=\"og:locale\" content=\"de_DE\" \/>\n<meta property=\"og:type\" content=\"article\" \/>\n<meta property=\"og:title\" content=\"Geschichte - Perfon\" \/>\n<meta property=\"og:description\" content=\"Das Unternehmen Perfon blickt auf eine lange Geschichte zur\u00fcck, die in den 1980er Jahren begann. M\u00f6chten Sie mehr \u00fcber unsere Geschichte erfahren? Dann lesen Sie weiter.\" \/>\n<meta property=\"og:url\" content=\"https:\/\/www.perfon.nl\/de\/geschichte\/\" \/>\n<meta property=\"og:site_name\" content=\"Perfon\" \/>\n<meta property=\"article:modified_time\" content=\"2024-01-30T15:30:37+00:00\" \/>\n<meta name=\"twitter:card\" content=\"summary_large_image\" \/>\n<meta name=\"twitter:label1\" content=\"Gesch\u00e4tzte Lesezeit\" \/>\n\t<meta name=\"twitter:data1\" content=\"1\u00a0Minute\" \/>\n<script type=\"application\/ld+json\" class=\"yoast-schema-graph\">{\"@context\":\"https:\/\/schema.org\",\"@graph\":[{\"@type\":\"WebPage\",\"@id\":\"https:\/\/www.perfon.nl\/de\/geschichte\/\",\"url\":\"https:\/\/www.perfon.nl\/de\/geschichte\/\",\"name\":\"Geschichte - Perfon\",\"isPartOf\":{\"@id\":\"https:\/\/www.perfon.nl\/de\/#website\"},\"datePublished\":\"2023-11-22T12:26:47+00:00\",\"dateModified\":\"2024-01-30T15:30:37+00:00\",\"description\":\"Das Unternehmen Perfon blickt auf eine lange Geschichte zur\u00fcck, die in den 1980er Jahren begann. M\u00f6chten Sie mehr \u00fcber unsere Geschichte erfahren? Dann lesen Sie weiter.\",\"breadcrumb\":{\"@id\":\"https:\/\/www.perfon.nl\/de\/geschichte\/#breadcrumb\"},\"inLanguage\":\"de\",\"potentialAction\":[{\"@type\":\"ReadAction\",\"target\":[\"https:\/\/www.perfon.nl\/de\/geschichte\/\"]}]},{\"@type\":\"BreadcrumbList\",\"@id\":\"https:\/\/www.perfon.nl\/de\/geschichte\/#breadcrumb\",\"itemListElement\":[{\"@type\":\"ListItem\",\"position\":1,\"name\":\"Home\",\"item\":\"https:\/\/www.perfon.nl\/de\/\"},{\"@type\":\"ListItem\",\"position\":2,\"name\":\"Geschichte\"}]},{\"@type\":\"WebSite\",\"@id\":\"https:\/\/www.perfon.nl\/de\/#website\",\"url\":\"https:\/\/www.perfon.nl\/de\/\",\"name\":\"Perfon\",\"description\":\"The sustainable innovator\",\"potentialAction\":[{\"@type\":\"SearchAction\",\"target\":{\"@type\":\"EntryPoint\",\"urlTemplate\":\"https:\/\/www.perfon.nl\/de\/?suchanfrage={search_term_string}\"},\"query-input\":{\"@type\":\"PropertyValueSpecification\",\"valueRequired\":true,\"valueName\":\"search_term_string\"}}],\"inLanguage\":\"de\"}]}<\/script>","yoast_head_json":{"title":"Geschichte - Perfon","description":"Das Unternehmen Perfon blickt auf eine lange Geschichte zur\u00fcck, die in den 1980er Jahren begann. M\u00f6chten Sie mehr \u00fcber unsere Geschichte erfahren? Dann lesen Sie weiter.","robots":{"index":"index","follow":"follow","max-snippet":"max-snippet:-1","max-image-preview":"max-image-preview:large","max-video-preview":"max-video-preview:-1"},"canonical":"https:\/\/www.perfon.nl\/de\/geschichte\/","og_locale":"de_DE","og_type":"article","og_title":"Geschichte - Perfon","og_description":"Das Unternehmen Perfon blickt auf eine lange Geschichte zur\u00fcck, die in den 1980er Jahren begann. M\u00f6chten Sie mehr \u00fcber unsere Geschichte erfahren? Dann lesen Sie weiter.","og_url":"https:\/\/www.perfon.nl\/de\/geschichte\/","og_site_name":"Perfon","article_modified_time":"2024-01-30T15:30:37+00:00","twitter_card":"summary_large_image","twitter_misc":{"Gesch\u00e4tzte Lesezeit":"1\u00a0Minute"},"schema":{"@context":"https:\/\/schema.org","@graph":[{"@type":"WebPage","@id":"https:\/\/www.perfon.nl\/de\/geschichte\/","url":"https:\/\/www.perfon.nl\/de\/geschichte\/","name":"Geschichte - Perfon","isPartOf":{"@id":"https:\/\/www.perfon.nl\/de\/#website"},"datePublished":"2023-11-22T12:26:47+00:00","dateModified":"2024-01-30T15:30:37+00:00","description":"Das Unternehmen Perfon blickt auf eine lange Geschichte zur\u00fcck, die in den 1980er Jahren begann. M\u00f6chten Sie mehr \u00fcber unsere Geschichte erfahren? Dann lesen Sie weiter.","breadcrumb":{"@id":"https:\/\/www.perfon.nl\/de\/geschichte\/#breadcrumb"},"inLanguage":"de","potentialAction":[{"@type":"ReadAction","target":["https:\/\/www.perfon.nl\/de\/geschichte\/"]}]},{"@type":"BreadcrumbList","@id":"https:\/\/www.perfon.nl\/de\/geschichte\/#breadcrumb","itemListElement":[{"@type":"ListItem","position":1,"name":"Home","item":"https:\/\/www.perfon.nl\/de\/"},{"@type":"ListItem","position":2,"name":"Geschichte"}]},{"@type":"WebSite","@id":"https:\/\/www.perfon.nl\/de\/#website","url":"https:\/\/www.perfon.nl\/de\/","name":"Perfon","description":"The sustainable innovator","potentialAction":[{"@type":"SearchAction","target":{"@type":"EntryPoint","urlTemplate":"https:\/\/www.perfon.nl\/de\/?suchanfrage={search_term_string}"},"query-input":{"@type":"PropertyValueSpecification","valueRequired":true,"valueName":"search_term_string"}}],"inLanguage":"de"}]}},"_links":{"self":[{"href":"https:\/\/www.perfon.nl\/de\/wp-json\/wp\/v2\/pages\/1089","targetHints":{"allow":["GET"]}}],"collection":[{"href":"https:\/\/www.perfon.nl\/de\/wp-json\/wp\/v2\/pages"}],"about":[{"href":"https:\/\/www.perfon.nl\/de\/wp-json\/wp\/v2\/types\/page"}],"author":[{"embeddable":true,"href":"https:\/\/www.perfon.nl\/de\/wp-json\/wp\/v2\/users\/2"}],"replies":[{"embeddable":true,"href":"https:\/\/www.perfon.nl\/de\/wp-json\/wp\/v2\/comments?post=1089"}],"version-history":[{"count":15,"href":"https:\/\/www.perfon.nl\/de\/wp-json\/wp\/v2\/pages\/1089\/revisions"}],"predecessor-version":[{"id":1423,"href":"https:\/\/www.perfon.nl\/de\/wp-json\/wp\/v2\/pages\/1089\/revisions\/1423"}],"wp:attachment":[{"href":"https:\/\/www.perfon.nl\/de\/wp-json\/wp\/v2\/media?parent=1089"}],"curies":[{"name":"wp","href":"https:\/\/api.w.org\/{rel}","templated":true}]}}